{"id":24429,"date":"2017-04-11T16:30:13","date_gmt":"2017-04-11T19:30:13","guid":{"rendered":"http:\/\/www.hotelrosenbrock.com.br\/en\/?page_id=24429"},"modified":"2025-10-27T15:27:58","modified_gmt":"2025-10-27T18:27:58","slug":"address-contact-us-2","status":"publish","type":"page","link":"https:\/\/www.hotelrosenbrock.com.br\/en\/address-contact-us-2\/","title":{"rendered":"Address \/ Contact us"},"content":{"rendered":"<div class=\"wpb-content-wrapper\"><p>[vc_row full_width=&#8221;stretch_row_content_no_spaces&#8221; css=&#8221;.vc_custom_1491939290626{margin-top: 0px !important;}&#8221;][vc_column][vc_gmaps link=&#8221;#E-8_JTNDaWZyYW1lJTIwc3JjJTNEJTIyaHR0cHMlM0ElMkYlMkZ3d3cuZ29vZ2xlLmNvbSUyRm1hcHMlMkZlbWJlZCUzRnBiJTNEJTIxMW0xOCUyMTFtMTIlMjExbTMlMjExZDg4OC44NTYwMzI2NjA0OTgzJTIxMmQtNDguNjQxNDQ0MTMyNTc1MyUyMTNkLTI2Ljk4NTEzMDAzNzQ1NTA4MiUyMTJtMyUyMTFmMCUyMTJmMCUyMTNmMCUyMTNtMiUyMTFpMTAyNCUyMTJpNzY4JTIxNGYxMy4xJTIxM20zJTIxMW0yJTIxMXMweDk0ZDhiNWZmN2ZlMjgxNjklMjUzQTB4N2QyZTcyYmQ3ZjNhZGY1ZiUyMTJzSG90ZWwlMkJSb3NlbmJyb2NrJTIxNWUwJTIxM20yJTIxMXNwdC1CUiUyMTJzYnIlMjE0djE0ODk2NzA5NDYyMTElMjIlMjB3aWR0aCUzRCUyMjYwMCUyMiUyMGhlaWdodCUzRCUyMjQ1MCUyMiUyMGZyYW1lYm9yZGVyJTNEJTIyMCUyMiUyMHN0eWxlJTNEJTIyYm9yZGVyJTNBMCUyMiUyMGFsbG93ZnVsbHNjcmVlbiUzRSUzQyUyRmlmcmFtZSUzRQ==&#8221; css=&#8221;.vc_custom_1489670961244{margin-top: 0px !important;margin-bottom: 0px !important;}&#8221;][\/vc_column][\/vc_row][vc_row][vc_column width=&#8221;1\/2&#8243;]<h3 class=\"boc_heading  al_left  bgr_dotted  boc_animate_when_almost_visible boc_left-to-right\"  style=\"margin-bottom: 20px;margin-top: 0px;color: #333333;\"><span><strong>Address<\/strong><\/span><\/h3>[vc_column_text css_animation=&#8221;boc_animate_when_almost_visible boc_left-to-right&#8221;]Rua Holanda, 195 &#8211; Bairro das Na\u00e7\u00f5es<br \/>\nBalne\u00e1rio Cambori\u00fa &#8211; SC[\/vc_column_text]<div class=\"boc_icon_holder boc_icon_size_normal boc_icon_pos_left wpb_animate_when_almost_visible wpb_left-to-right \" style=\"\"><span class=\"boc_icon icon icon-phone3\" style=\"color:#333333;\"><\/span><\/div><h4 class=\"boc_heading  al_left  boc_animate_when_almost_visible boc_left-to-right\"  style=\"margin-bottom: 20px;margin-top: 0px;color: #333;\"><span>+55 47 3367-2509<\/span><\/h4><div class=\"boc_icon_holder boc_icon_size_normal boc_icon_pos_left wpb_animate_when_almost_visible wpb_left-to-right \" style=\"\"><span class=\"boc_icon icon icon-mobile3\" style=\"color:#333333;\"><\/span><\/div><h4 class=\"boc_heading  al_left  boc_animate_when_almost_visible boc_left-to-right\"  style=\"margin-bottom: 20px;margin-top: 0px;color: #333;\"><span><a href=\"https:\/\/web.whatsapp.com\/send?phone=5547991612224\">+55 47 99161-2224 (WhatsApp)<\/a><\/span><\/h4><div class=\"boc_icon_holder boc_icon_size_normal boc_icon_pos_left wpb_animate_when_almost_visible wpb_left-to-right \" style=\"\"><span class=\"boc_icon icon icon-mail2\" style=\"color:#333333;\"><\/span><\/div><h4 class=\"boc_heading  al_left  boc_animate_when_almost_visible boc_left-to-right\"  style=\"margin-bottom: 20px;margin-top: 0px;color: #333;\"><span>reservas@hotelrosenbrock.com.br<\/span><\/h4><div class=\"boc_spacing \" style=\"height: 20px\"><\/div>[\/vc_column][vc_column width=&#8221;1\/2&#8243;]<h3 class=\"boc_heading  al_left  bgr_dotted  boc_animate_when_almost_visible boc_left-to-right\"  style=\"margin-bottom: 20px;margin-top: 0px;color: #333333;\"><span>Reservation <strong>Central<\/strong><\/span><\/h3>[vc_column_text css=&#8221;&#8221; css_animation=&#8221;boc_animate_when_almost_visible boc_left-to-right&#8221;]Our reservation\u00b4s desk is located at Bella Camboriu Hotel.<\/p>\n<p>We answer from Monday to Friday, from 8am to 7pm.<br \/>\nOn Saturdays, from 8am to 4:20pm.[\/vc_column_text]<div class=\"boc_icon_holder boc_icon_size_normal boc_icon_pos_left wpb_animate_when_almost_visible wpb_left-to-right \" style=\"\"><span class=\"boc_icon icon icon-phone3\" style=\"color:#333333;\"><\/span><\/div><h4 class=\"boc_heading  al_left  boc_animate_when_almost_visible boc_left-to-right\"  style=\"margin-bottom: 20px;margin-top: 0px;color: #333;\"><span>+55 47 3367-1005<\/span><\/h4>[vc_column_text css_animation=&#8221;boc_animate_when_almost_visible boc_left-to-right&#8221;]Out of business hours, you can make your <a href=\"https:\/\/book.omnibees.com\/hotelresults?q=5693\" target=\"_blank\" rel=\"noopener noreferrer\">reservation online<\/a>, directly on our website or by e-mail at <a href=\"mailto:reservas@hotelrosenbrock.com.br\" target=\"_blank\" rel=\"noopener noreferrer\">reservas@hotelrosenbrock.com.br<\/a>[\/vc_column_text]<h3 class=\"boc_heading  al_left  bgr_dotted  boc_animate_when_almost_visible boc_left-to-right\"  style=\"margin-bottom: 20px;margin-top: 0px;color: #333333;\"><span>Travel Agency <strong>and Groups<\/strong><\/span><\/h3>[vc_column_text css_animation=&#8221;boc_animate_when_almost_visible boc_left-to-right&#8221;]For travel agencies assistance and group reservations (more than 20 people), please send your message to <a href=\"mailto:comercial@bellacamboriu.com.br\" target=\"_blank\" rel=\"noopener noreferrer\">comercial@bellacamboriu.com.br<\/a>[\/vc_column_text][\/vc_column][\/vc_row][vc_row full_width=&#8221;stretch_row&#8221; bg_type=&#8221;bg_color&#8221; enable_overlay=&#8221;enable_overlay_value&#8221; overlay_color=&#8221;#003c1e&#8221; bg_color_value=&#8221;#003c1e&#8221; el_class=&#8221;white_text&#8221; css=&#8221;.vc_custom_1489442896314{margin-bottom: 0px !important;padding-top: 24px !important;padding-bottom: 24px !important;}&#8221;][vc_column]<div class=\"text_box  box_no_bgr \"><div class=\"text_box_content with_button\"><h2>MAKE YOUR RESERVATION NOW!<\/h2>\r\n\t\t\t\t\t<p><\/p>\r\n\t\t\t\t<\/div><div class=\"btn_holder\"><a\thref=\"https:\/\/book.omnibees.com\/hotelresults?q=5693\" \r\n\t\t\t\t\tclass=\"button  btn_medium_stretched btn_theme_color btn_circled btn_normal_style  \"  target='_self'><span>Book Online<\/span><\/a><\/div><\/div>[\/vc_column][\/vc_row]<\/p>\n<\/div>","protected":false},"excerpt":{"rendered":"<p>[vc_row full_width=&#8221;stretch_row_content_no_spaces&#8221; css=&#8221;.vc_custom_1491939290626{margin-top: 0px !important;}&#8221;][vc_column][vc_gmaps link=&#8221;#E-8_JTNDaWZyYW1lJTIwc3JjJTNEJTIyaHR0cHMlM0ElMkYlMkZ3d3cuZ29vZ2xlLmNvbSUyRm1hcHMlMkZlbWJlZCUzRnBiJTNEJTIxMW0xOCUyMTFtMTIlMjExbTMlMjExZDg4OC44NTYwMzI2NjA0OTgzJTIxMmQtNDguNjQxNDQ0MTMyNTc1MyUyMTNkLTI2Ljk4NTEzMDAzNzQ1NTA4MiUyMTJtMyUyMTFmMCUyMTJmMCUyMTNmMCUyMTNtMiUyMTFpMTAyNCUyMTJpNzY4JTIxNGYxMy4xJTIxM20zJTIxMW0yJTIxMXMweDk0ZDhiNWZmN2ZlMjgxNjklMjUzQTB4N2QyZTcyYmQ3ZjNhZGY1ZiUyMTJzSG90ZWwlMkJSb3NlbmJyb2NrJTIxNWUwJTIxM20yJTIxMXNwdC1CUiUyMTJzYnIlMjE0djE0ODk2NzA5NDYyMTElMjIlMjB3aWR0aCUzRCUyMjYwMCUyMiUyMGhlaWdodCUzRCUyMjQ1MCUyMiUyMGZyYW1lYm9yZGVyJTNEJTIyMCUyMiUyMHN0eWxlJTNEJTIyYm9yZGVyJTNBMCUyMiUyMGFsbG93ZnVsbHNjcmVlbiUzRSUzQyUyRmlmcmFtZSUzRQ==&#8221; css=&#8221;.vc_custom_1489670961244{margin-top: 0px !important;margin-bottom: 0px !important;}&#8221;][\/vc_column][\/vc_row][vc_row][vc_column width=&#8221;1\/2&#8243;][vc_column_text css_animation=&#8221;boc_animate_when_almost_visible boc_left-to-right&#8221;]Rua Holanda, 195 &#8211; Bairro das Na\u00e7\u00f5es Balne\u00e1rio Cambori\u00fa &#8211; SC[\/vc_column_text][\/vc_column][vc_column width=&#8221;1\/2&#8243;][vc_column_text css=&#8221;&#8221; css_animation=&#8221;boc_animate_when_almost_visible boc_left-to-right&#8221;]Our reservation\u00b4s desk is located at Bella Camboriu Hotel. We answer from Monday to Friday, from 8am to 7pm. On Saturdays, from 8am to 4:20pm.[\/vc_column_text][vc_column_text css_animation=&#8221;boc_animate_when_almost_visible boc_left-to-right&#8221;]Out of business hours, you can make<\/p>\n<div class=\"h10\"><\/div>\n<p><a class=\"more-link1\" href=\"https:\/\/www.hotelrosenbrock.com.br\/en\/address-contact-us-2\/\">Read more<\/a><\/p>\n","protected":false},"author":1,"featured_media":0,"parent":0,"menu_order":0,"comment_status":"open","ping_status":"open","template":"","meta":{"_monsterinsights_skip_tracking":false,"_monsterinsights_sitenote_active":false,"_monsterinsights_sitenote_note":"","_monsterinsights_sitenote_category":0,"footnotes":""},"class_list":["post-24429","page","type-page","status-publish","hentry"],"yoast_head":"<!-- This site is optimized with the Yoast SEO plugin v26.1.1 - https:\/\/yoast.com\/wordpress\/plugins\/seo\/ -->\n<title>Address \/ Contact us - Hotel Rosenbrock<\/title>\n<meta name=\"robots\" content=\"index, follow, max-snippet:-1, max-image-preview:large, max-video-preview:-1\" \/>\n<link rel=\"canonical\" href=\"https:\/\/www.hotelrosenbrock.com.br\/en\/address-contact-us-2\/\" \/>\n<meta property=\"og:locale\" content=\"en_US\" \/>\n<meta property=\"og:type\" content=\"article\" \/>\n<meta property=\"og:title\" content=\"Address \/ Contact us - Hotel Rosenbrock\" \/>\n<meta property=\"og:description\" content=\"[vc_row full_width=&#8221;stretch_row_content_no_spaces&#8221; css=&#8221;.vc_custom_1491939290626{margin-top: 0px !important;}&#8221;][vc_column][vc_gmaps link=&#8221;#E-8_JTNDaWZyYW1lJTIwc3JjJTNEJTIyaHR0cHMlM0ElMkYlMkZ3d3cuZ29vZ2xlLmNvbSUyRm1hcHMlMkZlbWJlZCUzRnBiJTNEJTIxMW0xOCUyMTFtMTIlMjExbTMlMjExZDg4OC44NTYwMzI2NjA0OTgzJTIxMmQtNDguNjQxNDQ0MTMyNTc1MyUyMTNkLTI2Ljk4NTEzMDAzNzQ1NTA4MiUyMTJtMyUyMTFmMCUyMTJmMCUyMTNmMCUyMTNtMiUyMTFpMTAyNCUyMTJpNzY4JTIxNGYxMy4xJTIxM20zJTIxMW0yJTIxMXMweDk0ZDhiNWZmN2ZlMjgxNjklMjUzQTB4N2QyZTcyYmQ3ZjNhZGY1ZiUyMTJzSG90ZWwlMkJSb3NlbmJyb2NrJTIxNWUwJTIxM20yJTIxMXNwdC1CUiUyMTJzYnIlMjE0djE0ODk2NzA5NDYyMTElMjIlMjB3aWR0aCUzRCUyMjYwMCUyMiUyMGhlaWdodCUzRCUyMjQ1MCUyMiUyMGZyYW1lYm9yZGVyJTNEJTIyMCUyMiUyMHN0eWxlJTNEJTIyYm9yZGVyJTNBMCUyMiUyMGFsbG93ZnVsbHNjcmVlbiUzRSUzQyUyRmlmcmFtZSUzRQ==&#8221; css=&#8221;.vc_custom_1489670961244{margin-top: 0px !important;margin-bottom: 0px !important;}&#8221;][\/vc_column][\/vc_row][vc_row][vc_column width=&#8221;1\/2&#8243;][vc_column_text css_animation=&#8221;boc_animate_when_almost_visible boc_left-to-right&#8221;]Rua Holanda, 195 &#8211; Bairro das Na\u00e7\u00f5es Balne\u00e1rio Cambori\u00fa &#8211; SC[\/vc_column_text][\/vc_column][vc_column width=&#8221;1\/2&#8243;][vc_column_text css=&#8221;&#8221; css_animation=&#8221;boc_animate_when_almost_visible boc_left-to-right&#8221;]Our reservation\u00b4s desk is located at Bella Camboriu Hotel. We answer from Monday to Friday, from 8am to 7pm. On Saturdays, from 8am to 4:20pm.[\/vc_column_text][vc_column_text css_animation=&#8221;boc_animate_when_almost_visible boc_left-to-right&#8221;]Out of business hours, you can makeRead more\" \/>\n<meta property=\"og:url\" content=\"https:\/\/www.hotelrosenbrock.com.br\/en\/address-contact-us-2\/\" \/>\n<meta property=\"og:site_name\" content=\"Hotel Rosenbrock\" \/>\n<meta property=\"article:publisher\" content=\"https:\/\/web.facebook.com\/HotelRosenbrock\" \/>\n<meta property=\"article:modified_time\" content=\"2025-10-27T18:27:58+00:00\" \/>\n<meta name=\"twitter:card\" content=\"summary_large_image\" \/>\n<meta name=\"twitter:label1\" content=\"Est. reading time\" \/>\n\t<meta name=\"twitter:data1\" content=\"1 minute\" \/>\n<script type=\"application\/ld+json\" class=\"yoast-schema-graph\">{\"@context\":\"https:\/\/schema.org\",\"@graph\":[{\"@type\":\"WebPage\",\"@id\":\"https:\/\/www.hotelrosenbrock.com.br\/en\/address-contact-us-2\/\",\"url\":\"https:\/\/www.hotelrosenbrock.com.br\/en\/address-contact-us-2\/\",\"name\":\"Address \/ Contact us - Hotel Rosenbrock\",\"isPartOf\":{\"@id\":\"https:\/\/www.hotelrosenbrock.com.br\/#website\"},\"datePublished\":\"2017-04-11T19:30:13+00:00\",\"dateModified\":\"2025-10-27T18:27:58+00:00\",\"breadcrumb\":{\"@id\":\"https:\/\/www.hotelrosenbrock.com.br\/en\/address-contact-us-2\/#breadcrumb\"},\"inLanguage\":\"en-US\",\"potentialAction\":[{\"@type\":\"ReadAction\",\"target\":[\"https:\/\/www.hotelrosenbrock.com.br\/en\/address-contact-us-2\/\"]}]},{\"@type\":\"BreadcrumbList\",\"@id\":\"https:\/\/www.hotelrosenbrock.com.br\/en\/address-contact-us-2\/#breadcrumb\",\"itemListElement\":[{\"@type\":\"ListItem\",\"position\":1,\"name\":\"In\u00edcio\",\"item\":\"https:\/\/www.hotelrosenbrock.com.br\/en\/\"},{\"@type\":\"ListItem\",\"position\":2,\"name\":\"Address \/ Contact us\"}]},{\"@type\":\"WebSite\",\"@id\":\"https:\/\/www.hotelrosenbrock.com.br\/#website\",\"url\":\"https:\/\/www.hotelrosenbrock.com.br\/\",\"name\":\"Hotel Rosenbrock\",\"description\":\"\",\"publisher\":{\"@id\":\"https:\/\/www.hotelrosenbrock.com.br\/#organization\"},\"potentialAction\":[{\"@type\":\"SearchAction\",\"target\":{\"@type\":\"EntryPoint\",\"urlTemplate\":\"https:\/\/www.hotelrosenbrock.com.br\/?s={search_term_string}\"},\"query-input\":{\"@type\":\"PropertyValueSpecification\",\"valueRequired\":true,\"valueName\":\"search_term_string\"}}],\"inLanguage\":\"en-US\"},{\"@type\":\"Organization\",\"@id\":\"https:\/\/www.hotelrosenbrock.com.br\/#organization\",\"name\":\"Hotel Rosenbrock\",\"url\":\"https:\/\/www.hotelrosenbrock.com.br\/\",\"logo\":{\"@type\":\"ImageObject\",\"inLanguage\":\"en-US\",\"@id\":\"https:\/\/www.hotelrosenbrock.com.br\/#\/schema\/logo\/image\/\",\"url\":\"https:\/\/www.hotelrosenbrock.com.br\/wp-content\/uploads\/2017\/02\/logo-rosenbrock.png\",\"contentUrl\":\"https:\/\/www.hotelrosenbrock.com.br\/wp-content\/uploads\/2017\/02\/logo-rosenbrock.png\",\"width\":305,\"height\":66,\"caption\":\"Hotel Rosenbrock\"},\"image\":{\"@id\":\"https:\/\/www.hotelrosenbrock.com.br\/#\/schema\/logo\/image\/\"},\"sameAs\":[\"https:\/\/web.facebook.com\/HotelRosenbrock\",\"https:\/\/www.instagram.com\/hotelrosenbrock\/\"]}]}<\/script>\n<!-- \/ Yoast SEO plugin. -->","yoast_head_json":{"title":"Address \/ Contact us - Hotel Rosenbrock","robots":{"index":"index","follow":"follow","max-snippet":"max-snippet:-1","max-image-preview":"max-image-preview:large","max-video-preview":"max-video-preview:-1"},"canonical":"https:\/\/www.hotelrosenbrock.com.br\/en\/address-contact-us-2\/","og_locale":"en_US","og_type":"article","og_title":"Address \/ Contact us - Hotel Rosenbrock","og_description":"[vc_row full_width=&#8221;stretch_row_content_no_spaces&#8221; css=&#8221;.vc_custom_1491939290626{margin-top: 0px !important;}&#8221;][vc_column][vc_gmaps link=&#8221;#E-8_JTNDaWZyYW1lJTIwc3JjJTNEJTIyaHR0cHMlM0ElMkYlMkZ3d3cuZ29vZ2xlLmNvbSUyRm1hcHMlMkZlbWJlZCUzRnBiJTNEJTIxMW0xOCUyMTFtMTIlMjExbTMlMjExZDg4OC44NTYwMzI2NjA0OTgzJTIxMmQtNDguNjQxNDQ0MTMyNTc1MyUyMTNkLTI2Ljk4NTEzMDAzNzQ1NTA4MiUyMTJtMyUyMTFmMCUyMTJmMCUyMTNmMCUyMTNtMiUyMTFpMTAyNCUyMTJpNzY4JTIxNGYxMy4xJTIxM20zJTIxMW0yJTIxMXMweDk0ZDhiNWZmN2ZlMjgxNjklMjUzQTB4N2QyZTcyYmQ3ZjNhZGY1ZiUyMTJzSG90ZWwlMkJSb3NlbmJyb2NrJTIxNWUwJTIxM20yJTIxMXNwdC1CUiUyMTJzYnIlMjE0djE0ODk2NzA5NDYyMTElMjIlMjB3aWR0aCUzRCUyMjYwMCUyMiUyMGhlaWdodCUzRCUyMjQ1MCUyMiUyMGZyYW1lYm9yZGVyJTNEJTIyMCUyMiUyMHN0eWxlJTNEJTIyYm9yZGVyJTNBMCUyMiUyMGFsbG93ZnVsbHNjcmVlbiUzRSUzQyUyRmlmcmFtZSUzRQ==&#8221; css=&#8221;.vc_custom_1489670961244{margin-top: 0px !important;margin-bottom: 0px !important;}&#8221;][\/vc_column][\/vc_row][vc_row][vc_column width=&#8221;1\/2&#8243;][vc_column_text css_animation=&#8221;boc_animate_when_almost_visible boc_left-to-right&#8221;]Rua Holanda, 195 &#8211; Bairro das Na\u00e7\u00f5es Balne\u00e1rio Cambori\u00fa &#8211; SC[\/vc_column_text][\/vc_column][vc_column width=&#8221;1\/2&#8243;][vc_column_text css=&#8221;&#8221; css_animation=&#8221;boc_animate_when_almost_visible boc_left-to-right&#8221;]Our reservation\u00b4s desk is located at Bella Camboriu Hotel. We answer from Monday to Friday, from 8am to 7pm. On Saturdays, from 8am to 4:20pm.[\/vc_column_text][vc_column_text css_animation=&#8221;boc_animate_when_almost_visible boc_left-to-right&#8221;]Out of business hours, you can makeRead more","og_url":"https:\/\/www.hotelrosenbrock.com.br\/en\/address-contact-us-2\/","og_site_name":"Hotel Rosenbrock","article_publisher":"https:\/\/web.facebook.com\/HotelRosenbrock","article_modified_time":"2025-10-27T18:27:58+00:00","twitter_card":"summary_large_image","twitter_misc":{"Est. reading time":"1 minute"},"schema":{"@context":"https:\/\/schema.org","@graph":[{"@type":"WebPage","@id":"https:\/\/www.hotelrosenbrock.com.br\/en\/address-contact-us-2\/","url":"https:\/\/www.hotelrosenbrock.com.br\/en\/address-contact-us-2\/","name":"Address \/ Contact us - Hotel Rosenbrock","isPartOf":{"@id":"https:\/\/www.hotelrosenbrock.com.br\/#website"},"datePublished":"2017-04-11T19:30:13+00:00","dateModified":"2025-10-27T18:27:58+00:00","breadcrumb":{"@id":"https:\/\/www.hotelrosenbrock.com.br\/en\/address-contact-us-2\/#breadcrumb"},"inLanguage":"en-US","potentialAction":[{"@type":"ReadAction","target":["https:\/\/www.hotelrosenbrock.com.br\/en\/address-contact-us-2\/"]}]},{"@type":"BreadcrumbList","@id":"https:\/\/www.hotelrosenbrock.com.br\/en\/address-contact-us-2\/#breadcrumb","itemListElement":[{"@type":"ListItem","position":1,"name":"In\u00edcio","item":"https:\/\/www.hotelrosenbrock.com.br\/en\/"},{"@type":"ListItem","position":2,"name":"Address \/ Contact us"}]},{"@type":"WebSite","@id":"https:\/\/www.hotelrosenbrock.com.br\/#website","url":"https:\/\/www.hotelrosenbrock.com.br\/","name":"Hotel Rosenbrock","description":"","publisher":{"@id":"https:\/\/www.hotelrosenbrock.com.br\/#organization"},"potentialAction":[{"@type":"SearchAction","target":{"@type":"EntryPoint","urlTemplate":"https:\/\/www.hotelrosenbrock.com.br\/?s={search_term_string}"},"query-input":{"@type":"PropertyValueSpecification","valueRequired":true,"valueName":"search_term_string"}}],"inLanguage":"en-US"},{"@type":"Organization","@id":"https:\/\/www.hotelrosenbrock.com.br\/#organization","name":"Hotel Rosenbrock","url":"https:\/\/www.hotelrosenbrock.com.br\/","logo":{"@type":"ImageObject","inLanguage":"en-US","@id":"https:\/\/www.hotelrosenbrock.com.br\/#\/schema\/logo\/image\/","url":"https:\/\/www.hotelrosenbrock.com.br\/wp-content\/uploads\/2017\/02\/logo-rosenbrock.png","contentUrl":"https:\/\/www.hotelrosenbrock.com.br\/wp-content\/uploads\/2017\/02\/logo-rosenbrock.png","width":305,"height":66,"caption":"Hotel Rosenbrock"},"image":{"@id":"https:\/\/www.hotelrosenbrock.com.br\/#\/schema\/logo\/image\/"},"sameAs":["https:\/\/web.facebook.com\/HotelRosenbrock","https:\/\/www.instagram.com\/hotelrosenbrock\/"]}]}},"_links":{"self":[{"href":"https:\/\/www.hotelrosenbrock.com.br\/en\/wp-json\/wp\/v2\/pages\/24429","targetHints":{"allow":["GET"]}}],"collection":[{"href":"https:\/\/www.hotelrosenbrock.com.br\/en\/wp-json\/wp\/v2\/pages"}],"about":[{"href":"https:\/\/www.hotelrosenbrock.com.br\/en\/wp-json\/wp\/v2\/types\/page"}],"author":[{"embeddable":true,"href":"https:\/\/www.hotelrosenbrock.com.br\/en\/wp-json\/wp\/v2\/users\/1"}],"replies":[{"embeddable":true,"href":"https:\/\/www.hotelrosenbrock.com.br\/en\/wp-json\/wp\/v2\/comments?post=24429"}],"version-history":[{"count":18,"href":"https:\/\/www.hotelrosenbrock.com.br\/en\/wp-json\/wp\/v2\/pages\/24429\/revisions"}],"predecessor-version":[{"id":46266,"href":"https:\/\/www.hotelrosenbrock.com.br\/en\/wp-json\/wp\/v2\/pages\/24429\/revisions\/46266"}],"wp:attachment":[{"href":"https:\/\/www.hotelrosenbrock.com.br\/en\/wp-json\/wp\/v2\/media?parent=24429"}],"curies":[{"name":"wp","href":"https:\/\/api.w.org\/{rel}","templated":true}]}}